{"id":46,"date":"2019-10-18T23:55:00","date_gmt":"2019-10-18T21:55:00","guid":{"rendered":"https:\/\/robinet.ns-info90.fr\/?page_id=46"},"modified":"2020-10-03T17:40:58","modified_gmt":"2020-10-03T15:40:58","slug":"vente-et-installation","status":"publish","type":"page","link":"https:\/\/www.ets-robinet.fr\/?page_id=46","title":{"rendered":"Vente et installation"},"content":{"rendered":"<p>Nous vendons et installons diff\u00e9rents type de produit<\/p>\n<p><strong>Les chaudi\u00e8res<\/strong><\/p>\n<ul>\n<li>Fioul \u00e0 condensation<\/li>\n<li>Gaz \u00e0 condensation<\/li>\n<li>A granul\u00e9s<\/li>\n<\/ul>\n<p><strong>R\u00e9seau complet de chauffage<\/strong><\/p>\n<ul>\n<li>Planchers chauffants rafraichissant MULTIBETON<\/li>\n<li>Radiateurs aciers, s\u00e8che serviettes<\/li>\n<li>Panneaux infrarouge INFRANOMIC<\/li>\n<\/ul>\n<p><strong>Tous type de sanitaires<\/strong><\/p>\n<ul>\n<li>WC<\/li>\n<li>Baignoires<\/li>\n<li>Douches<\/li>\n<\/ul>\n<p><strong>Services<\/strong><\/p>\n<ul>\n<li>D\u00e9placement \u00e0 domicile<\/li>\n<li>Devis gratuit<\/li>\n<\/ul>\n<p><strong>Certification,agr\u00e9ments<\/strong><\/p>\n<ul>\n<li>Professionnel GAZ<\/li>\n<li>RGE<\/li>\n<li>Qualisol<\/li>\n<\/ul>\n<p><strong>Nos Fournisseurs<\/strong><br \/>\nViessmann, Vaillant, Saunier Duval, \u00d6kofen, Infranomic,Acova, Radson,Wilo, Danfoss, Oventrop\u2026<\/p>\n<p><strong>Moyens de paiement<\/strong><\/p>\n<ul>\n<li>Possibilit\u00e9 de pr\u00eat sp\u00e9cifique \u00e0 taux avantageux<\/li>\n<li>Ch\u00e8que bancaires<\/li>\n<li>Carte Bleue<\/li>\n<\/ul>\n","protected":false},"excerpt":{"rendered":"<p>Nous vendons et installons diff\u00e9rents type de produit Les chaudi\u00e8res Fioul \u00e0 condensation Gaz \u00e0 condensation A granul\u00e9s R\u00e9seau complet de chauffage Planchers chauffants rafraichissant MULTIBETON Radiateurs aciers, s\u00e8che serviettes Panneaux infrarouge INFRANOMIC Tous type de sanitaires WC Baignoires Douches Services D\u00e9placement \u00e0 domicile Devis gratuit Certification,agr\u00e9ments Professionnel GAZ RGE Qualisol Nos Fournisseurs Viessmann, Vaillant, [&hellip;]<\/p>\n","protected":false},"author":1,"featured_media":0,"parent":0,"menu_order":0,"comment_status":"closed","ping_status":"closed","template":"","meta":{"footnotes":""},"class_list":["post-46","page","type-page","status-publish","hentry"],"yoast_head":"<!-- This site is optimized with the Yoast SEO plugin v27.3 - https:\/\/yoast.com\/product\/yoast-seo-wordpress\/ -->\n<title>Vente et installation - ETS -ROBINET<\/title>\n<meta name=\"robots\" content=\"index, follow, max-snippet:-1, max-image-preview:large, max-video-preview:-1\" \/>\n<link rel=\"canonical\" href=\"https:\/\/www.ets-robinet.fr\/?page_id=46\" \/>\n<meta property=\"og:locale\" content=\"fr_FR\" \/>\n<meta property=\"og:type\" content=\"article\" \/>\n<meta property=\"og:title\" content=\"Vente et installation - ETS -ROBINET\" \/>\n<meta property=\"og:description\" content=\"Nous vendons et installons diff\u00e9rents type de produit Les chaudi\u00e8res Fioul \u00e0 condensation Gaz \u00e0 condensation A granul\u00e9s R\u00e9seau complet de chauffage Planchers chauffants rafraichissant MULTIBETON Radiateurs aciers, s\u00e8che serviettes Panneaux infrarouge INFRANOMIC Tous type de sanitaires WC Baignoires Douches Services D\u00e9placement \u00e0 domicile Devis gratuit Certification,agr\u00e9ments Professionnel GAZ RGE Qualisol Nos Fournisseurs Viessmann, Vaillant, [&hellip;]\" \/>\n<meta property=\"og:url\" content=\"https:\/\/www.ets-robinet.fr\/?page_id=46\" \/>\n<meta property=\"og:site_name\" content=\"ETS -ROBINET\" \/>\n<meta property=\"article:modified_time\" content=\"2020-10-03T15:40:58+00:00\" \/>\n<meta name=\"twitter:card\" content=\"summary_large_image\" \/>\n<script type=\"application\/ld+json\" class=\"yoast-schema-graph\">{\"@context\":\"https:\\\/\\\/schema.org\",\"@graph\":[{\"@type\":\"WebPage\",\"@id\":\"https:\\\/\\\/www.ets-robinet.fr\\\/?page_id=46\",\"url\":\"https:\\\/\\\/www.ets-robinet.fr\\\/?page_id=46\",\"name\":\"Vente et installation - ETS -ROBINET\",\"isPartOf\":{\"@id\":\"https:\\\/\\\/www.ets-robinet.fr\\\/#website\"},\"datePublished\":\"2019-10-18T21:55:00+00:00\",\"dateModified\":\"2020-10-03T15:40:58+00:00\",\"breadcrumb\":{\"@id\":\"https:\\\/\\\/www.ets-robinet.fr\\\/?page_id=46#breadcrumb\"},\"inLanguage\":\"fr-FR\",\"potentialAction\":[{\"@type\":\"ReadAction\",\"target\":[\"https:\\\/\\\/www.ets-robinet.fr\\\/?page_id=46\"]}]},{\"@type\":\"BreadcrumbList\",\"@id\":\"https:\\\/\\\/www.ets-robinet.fr\\\/?page_id=46#breadcrumb\",\"itemListElement\":[{\"@type\":\"ListItem\",\"position\":1,\"name\":\"Accueil\",\"item\":\"https:\\\/\\\/www.ets-robinet.fr\\\/\"},{\"@type\":\"ListItem\",\"position\":2,\"name\":\"Vente et installation\"}]},{\"@type\":\"WebSite\",\"@id\":\"https:\\\/\\\/www.ets-robinet.fr\\\/#website\",\"url\":\"https:\\\/\\\/www.ets-robinet.fr\\\/\",\"name\":\"ETS -ROBINET\",\"description\":\"L&#039;\u00e9nergie est notre avenir, \u00e9conomisons la\",\"potentialAction\":[{\"@type\":\"SearchAction\",\"target\":{\"@type\":\"EntryPoint\",\"urlTemplate\":\"https:\\\/\\\/www.ets-robinet.fr\\\/?s={search_term_string}\"},\"query-input\":{\"@type\":\"PropertyValueSpecification\",\"valueRequired\":true,\"valueName\":\"search_term_string\"}}],\"inLanguage\":\"fr-FR\"}]}<\/script>\n<!-- \/ Yoast SEO plugin. -->","yoast_head_json":{"title":"Vente et installation - ETS -ROBINET","robots":{"index":"index","follow":"follow","max-snippet":"max-snippet:-1","max-image-preview":"max-image-preview:large","max-video-preview":"max-video-preview:-1"},"canonical":"https:\/\/www.ets-robinet.fr\/?page_id=46","og_locale":"fr_FR","og_type":"article","og_title":"Vente et installation - ETS -ROBINET","og_description":"Nous vendons et installons diff\u00e9rents type de produit Les chaudi\u00e8res Fioul \u00e0 condensation Gaz \u00e0 condensation A granul\u00e9s R\u00e9seau complet de chauffage Planchers chauffants rafraichissant MULTIBETON Radiateurs aciers, s\u00e8che serviettes Panneaux infrarouge INFRANOMIC Tous type de sanitaires WC Baignoires Douches Services D\u00e9placement \u00e0 domicile Devis gratuit Certification,agr\u00e9ments Professionnel GAZ RGE Qualisol Nos Fournisseurs Viessmann, Vaillant, [&hellip;]","og_url":"https:\/\/www.ets-robinet.fr\/?page_id=46","og_site_name":"ETS -ROBINET","article_modified_time":"2020-10-03T15:40:58+00:00","twitter_card":"summary_large_image","schema":{"@context":"https:\/\/schema.org","@graph":[{"@type":"WebPage","@id":"https:\/\/www.ets-robinet.fr\/?page_id=46","url":"https:\/\/www.ets-robinet.fr\/?page_id=46","name":"Vente et installation - ETS -ROBINET","isPartOf":{"@id":"https:\/\/www.ets-robinet.fr\/#website"},"datePublished":"2019-10-18T21:55:00+00:00","dateModified":"2020-10-03T15:40:58+00:00","breadcrumb":{"@id":"https:\/\/www.ets-robinet.fr\/?page_id=46#breadcrumb"},"inLanguage":"fr-FR","potentialAction":[{"@type":"ReadAction","target":["https:\/\/www.ets-robinet.fr\/?page_id=46"]}]},{"@type":"BreadcrumbList","@id":"https:\/\/www.ets-robinet.fr\/?page_id=46#breadcrumb","itemListElement":[{"@type":"ListItem","position":1,"name":"Accueil","item":"https:\/\/www.ets-robinet.fr\/"},{"@type":"ListItem","position":2,"name":"Vente et installation"}]},{"@type":"WebSite","@id":"https:\/\/www.ets-robinet.fr\/#website","url":"https:\/\/www.ets-robinet.fr\/","name":"ETS -ROBINET","description":"L&#039;\u00e9nergie est notre avenir, \u00e9conomisons la","potentialAction":[{"@type":"SearchAction","target":{"@type":"EntryPoint","urlTemplate":"https:\/\/www.ets-robinet.fr\/?s={search_term_string}"},"query-input":{"@type":"PropertyValueSpecification","valueRequired":true,"valueName":"search_term_string"}}],"inLanguage":"fr-FR"}]}},"_links":{"self":[{"href":"https:\/\/www.ets-robinet.fr\/index.php?rest_route=\/wp\/v2\/pages\/46","targetHints":{"allow":["GET"]}}],"collection":[{"href":"https:\/\/www.ets-robinet.fr\/index.php?rest_route=\/wp\/v2\/pages"}],"about":[{"href":"https:\/\/www.ets-robinet.fr\/index.php?rest_route=\/wp\/v2\/types\/page"}],"author":[{"embeddable":true,"href":"https:\/\/www.ets-robinet.fr\/index.php?rest_route=\/wp\/v2\/users\/1"}],"replies":[{"embeddable":true,"href":"https:\/\/www.ets-robinet.fr\/index.php?rest_route=%2Fwp%2Fv2%2Fcomments&post=46"}],"version-history":[{"count":7,"href":"https:\/\/www.ets-robinet.fr\/index.php?rest_route=\/wp\/v2\/pages\/46\/revisions"}],"predecessor-version":[{"id":207,"href":"https:\/\/www.ets-robinet.fr\/index.php?rest_route=\/wp\/v2\/pages\/46\/revisions\/207"}],"wp:attachment":[{"href":"https:\/\/www.ets-robinet.fr\/index.php?rest_route=%2Fwp%2Fv2%2Fmedia&parent=46"}],"curies":[{"name":"wp","href":"https:\/\/api.w.org\/{rel}","templated":true}]}}