{"id":173,"date":"2020-03-22T19:57:27","date_gmt":"2020-03-22T18:57:27","guid":{"rendered":"https:\/\/robinet.ns-info90.fr\/?page_id=173"},"modified":"2026-02-11T16:02:36","modified_gmt":"2026-02-11T15:02:36","slug":"autres-activites","status":"publish","type":"page","link":"https:\/\/www.ets-robinet.fr\/?page_id=173","title":{"rendered":"Autres activit\u00e9s"},"content":{"rendered":"\n<p> <strong>Combustibles<\/strong><\/p>\n\n\n\n<p>Charbon (anthracite, boulets, briquettes, houille de forge)<br>Allume feu<br>Bois en sac<br>Pellets<\/p>\n\n\n\n<div class=\"wp-block-columns is-layout-flex wp-container-core-columns-is-layout-9d6595d7 wp-block-columns-is-layout-flex\">\n<div class=\"wp-block-column is-layout-flow wp-block-column-is-layout-flow\"><div class=\"wp-block-image is-style-circle-mask\">\n<figure class=\"aligncenter size-large is-resized\"><img loading=\"lazy\" decoding=\"async\" width=\"95\" height=\"100\" src=\"https:\/\/www.ets-robinet.fr\/wp-content\/uploads\/2020\/03\/DSC_0076.jpg\" alt=\"\" class=\"wp-image-174\" style=\"width:116px\"\/><figcaption class=\"wp-element-caption\">Allume feu<\/figcaption><\/figure>\n<\/div><\/div>\n\n\n\n<div class=\"wp-block-column is-layout-flow wp-block-column-is-layout-flow\"><div class=\"wp-block-image is-style-circle-mask\">\n<figure class=\"aligncenter size-large is-resized\"><img loading=\"lazy\" decoding=\"async\" width=\"66\" height=\"100\" src=\"https:\/\/www.ets-robinet.fr\/wp-content\/uploads\/2020\/03\/DSC_0078.jpg\" alt=\"\" class=\"wp-image-175\" style=\"width:116px;height:auto\"\/><figcaption class=\"wp-element-caption\">Charbon<\/figcaption><\/figure>\n<\/div><\/div>\n\n\n\n<div class=\"wp-block-column is-layout-flow wp-block-column-is-layout-flow\"><div class=\"wp-block-image is-style-circle-mask\">\n<figure class=\"aligncenter size-large is-resized\"><img loading=\"lazy\" decoding=\"async\" width=\"85\" height=\"100\" src=\"https:\/\/www.ets-robinet.fr\/wp-content\/uploads\/2020\/03\/DSC_0082.jpg\" alt=\"\" class=\"wp-image-176\" style=\"width:116px\"\/><figcaption class=\"wp-element-caption\">Bois<\/figcaption><\/figure>\n<\/div><\/div>\n<\/div>\n\n\n\n<p> <strong>Cuves fioul<\/strong><\/p>\n\n\n\n<p>Installation de cuve fioul a\u00e9rienne ou enterr\u00e9e<br>D\u00e9mant\u00e8lement ancien stockage fioul (inertage ou d\u00e9coupage)<br>Nettoyage de cuve \u00e0 fioul suivant possibilit\u00e9<\/p>\n\n\n\n<p> <strong>Ventes au d\u00e9tail de :<\/strong><\/p>\n\n\n\n<p>Fioul<br>GNR<br>SP 98<br>Gazole<\/p>\n\n\n\n<div class=\"wp-block-columns is-layout-flex wp-container-core-columns-is-layout-9d6595d7 wp-block-columns-is-layout-flex\">\n<div class=\"wp-block-column is-layout-flow wp-block-column-is-layout-flow\"><div class=\"wp-block-image\">\n<figure class=\"aligncenter size-large\"><img loading=\"lazy\" decoding=\"async\" width=\"132\" height=\"200\" src=\"https:\/\/www.ets-robinet.fr\/wp-content\/uploads\/2020\/03\/DSC_0090.jpg\" alt=\"\" class=\"wp-image-178\"\/><\/figure>\n<\/div><\/div>\n\n\n\n<div class=\"wp-block-column is-layout-flow wp-block-column-is-layout-flow\"><div class=\"wp-block-image\">\n<figure class=\"aligncenter size-large\"><img loading=\"lazy\" decoding=\"async\" width=\"132\" height=\"200\" src=\"https:\/\/www.ets-robinet.fr\/wp-content\/uploads\/2020\/03\/DSC_0091.jpg\" alt=\"\" class=\"wp-image-179\"\/><\/figure>\n<\/div><\/div>\n<\/div>\n\n\n\n<p> &nbsp;<strong>Ventes de parasols chauffant<\/strong><\/p>\n\n\n<div class=\"wp-block-image\">\n<figure class=\"aligncenter size-large is-resized\"><img loading=\"lazy\" decoding=\"async\" width=\"82\" height=\"200\" src=\"https:\/\/www.ets-robinet.fr\/wp-content\/uploads\/2020\/03\/h_568252.jpg\" alt=\"\" class=\"wp-image-180\" style=\"width:134px;height:323px\"\/><figcaption class=\"wp-element-caption\"> Photo non contractuelle <\/figcaption><\/figure>\n<\/div>","protected":false},"excerpt":{"rendered":"<p>Combustibles Charbon (anthracite, boulets, briquettes, houille de forge)Allume feuBois en sacPellets Cuves fioul Installation de cuve fioul a\u00e9rienne ou enterr\u00e9eD\u00e9mant\u00e8lement ancien stockage fioul (inertage ou d\u00e9coupage)Nettoyage de cuve \u00e0 fioul suivant possibilit\u00e9 Ventes au d\u00e9tail de : FioulGNRSP 98Gazole &nbsp;Ventes de parasols chauffant<\/p>\n","protected":false},"author":1,"featured_media":0,"parent":0,"menu_order":0,"comment_status":"closed","ping_status":"closed","template":"","meta":{"footnotes":""},"class_list":["post-173","page","type-page","status-publish","hentry"],"yoast_head":"<!-- This site is optimized with the Yoast SEO plugin v27.3 - https:\/\/yoast.com\/product\/yoast-seo-wordpress\/ -->\n<title>Autres activit\u00e9s - ETS -ROBINET<\/title>\n<meta name=\"robots\" content=\"index, follow, max-snippet:-1, max-image-preview:large, max-video-preview:-1\" \/>\n<link rel=\"canonical\" href=\"https:\/\/www.ets-robinet.fr\/?page_id=173\" \/>\n<meta property=\"og:locale\" content=\"fr_FR\" \/>\n<meta property=\"og:type\" content=\"article\" \/>\n<meta property=\"og:title\" content=\"Autres activit\u00e9s - ETS -ROBINET\" \/>\n<meta property=\"og:description\" content=\"Combustibles Charbon (anthracite, boulets, briquettes, houille de forge)Allume feuBois en sacPellets Cuves fioul Installation de cuve fioul a\u00e9rienne ou enterr\u00e9eD\u00e9mant\u00e8lement ancien stockage fioul (inertage ou d\u00e9coupage)Nettoyage de cuve \u00e0 fioul suivant possibilit\u00e9 Ventes au d\u00e9tail de : FioulGNRSP 98Gazole &nbsp;Ventes de parasols chauffant\" \/>\n<meta property=\"og:url\" content=\"https:\/\/www.ets-robinet.fr\/?page_id=173\" \/>\n<meta property=\"og:site_name\" content=\"ETS -ROBINET\" \/>\n<meta property=\"article:modified_time\" content=\"2026-02-11T15:02:36+00:00\" \/>\n<meta property=\"og:image\" content=\"https:\/\/www.ets-robinet.fr\/wp-content\/uploads\/2020\/03\/DSC_0076.jpg\" \/>\n\t<meta property=\"og:image:width\" content=\"95\" \/>\n\t<meta property=\"og:image:height\" content=\"100\" \/>\n\t<meta property=\"og:image:type\" content=\"image\/jpeg\" \/>\n<meta name=\"twitter:card\" content=\"summary_large_image\" \/>\n<meta name=\"twitter:label1\" content=\"Dur\u00e9e de lecture estim\u00e9e\" \/>\n\t<meta name=\"twitter:data1\" content=\"2 minutes\" \/>\n<script type=\"application\/ld+json\" class=\"yoast-schema-graph\">{\"@context\":\"https:\\\/\\\/schema.org\",\"@graph\":[{\"@type\":\"WebPage\",\"@id\":\"https:\\\/\\\/www.ets-robinet.fr\\\/?page_id=173\",\"url\":\"https:\\\/\\\/www.ets-robinet.fr\\\/?page_id=173\",\"name\":\"Autres activit\u00e9s - ETS -ROBINET\",\"isPartOf\":{\"@id\":\"https:\\\/\\\/www.ets-robinet.fr\\\/#website\"},\"primaryImageOfPage\":{\"@id\":\"https:\\\/\\\/www.ets-robinet.fr\\\/?page_id=173#primaryimage\"},\"image\":{\"@id\":\"https:\\\/\\\/www.ets-robinet.fr\\\/?page_id=173#primaryimage\"},\"thumbnailUrl\":\"https:\\\/\\\/www.ets-robinet.fr\\\/wp-content\\\/uploads\\\/2020\\\/03\\\/DSC_0076.jpg\",\"datePublished\":\"2020-03-22T18:57:27+00:00\",\"dateModified\":\"2026-02-11T15:02:36+00:00\",\"breadcrumb\":{\"@id\":\"https:\\\/\\\/www.ets-robinet.fr\\\/?page_id=173#breadcrumb\"},\"inLanguage\":\"fr-FR\",\"potentialAction\":[{\"@type\":\"ReadAction\",\"target\":[\"https:\\\/\\\/www.ets-robinet.fr\\\/?page_id=173\"]}]},{\"@type\":\"ImageObject\",\"inLanguage\":\"fr-FR\",\"@id\":\"https:\\\/\\\/www.ets-robinet.fr\\\/?page_id=173#primaryimage\",\"url\":\"https:\\\/\\\/www.ets-robinet.fr\\\/wp-content\\\/uploads\\\/2020\\\/03\\\/DSC_0076.jpg\",\"contentUrl\":\"https:\\\/\\\/www.ets-robinet.fr\\\/wp-content\\\/uploads\\\/2020\\\/03\\\/DSC_0076.jpg\",\"width\":95,\"height\":100},{\"@type\":\"BreadcrumbList\",\"@id\":\"https:\\\/\\\/www.ets-robinet.fr\\\/?page_id=173#breadcrumb\",\"itemListElement\":[{\"@type\":\"ListItem\",\"position\":1,\"name\":\"Accueil\",\"item\":\"https:\\\/\\\/www.ets-robinet.fr\\\/\"},{\"@type\":\"ListItem\",\"position\":2,\"name\":\"Autres activit\u00e9s\"}]},{\"@type\":\"WebSite\",\"@id\":\"https:\\\/\\\/www.ets-robinet.fr\\\/#website\",\"url\":\"https:\\\/\\\/www.ets-robinet.fr\\\/\",\"name\":\"ETS -ROBINET\",\"description\":\"L&#039;\u00e9nergie est notre avenir, \u00e9conomisons la\",\"potentialAction\":[{\"@type\":\"SearchAction\",\"target\":{\"@type\":\"EntryPoint\",\"urlTemplate\":\"https:\\\/\\\/www.ets-robinet.fr\\\/?s={search_term_string}\"},\"query-input\":{\"@type\":\"PropertyValueSpecification\",\"valueRequired\":true,\"valueName\":\"search_term_string\"}}],\"inLanguage\":\"fr-FR\"}]}<\/script>\n<!-- \/ Yoast SEO plugin. -->","yoast_head_json":{"title":"Autres activit\u00e9s - ETS -ROBINET","robots":{"index":"index","follow":"follow","max-snippet":"max-snippet:-1","max-image-preview":"max-image-preview:large","max-video-preview":"max-video-preview:-1"},"canonical":"https:\/\/www.ets-robinet.fr\/?page_id=173","og_locale":"fr_FR","og_type":"article","og_title":"Autres activit\u00e9s - ETS -ROBINET","og_description":"Combustibles Charbon (anthracite, boulets, briquettes, houille de forge)Allume feuBois en sacPellets Cuves fioul Installation de cuve fioul a\u00e9rienne ou enterr\u00e9eD\u00e9mant\u00e8lement ancien stockage fioul (inertage ou d\u00e9coupage)Nettoyage de cuve \u00e0 fioul suivant possibilit\u00e9 Ventes au d\u00e9tail de : FioulGNRSP 98Gazole &nbsp;Ventes de parasols chauffant","og_url":"https:\/\/www.ets-robinet.fr\/?page_id=173","og_site_name":"ETS -ROBINET","article_modified_time":"2026-02-11T15:02:36+00:00","og_image":[{"width":95,"height":100,"url":"https:\/\/www.ets-robinet.fr\/wp-content\/uploads\/2020\/03\/DSC_0076.jpg","type":"image\/jpeg"}],"twitter_card":"summary_large_image","twitter_misc":{"Dur\u00e9e de lecture estim\u00e9e":"2 minutes"},"schema":{"@context":"https:\/\/schema.org","@graph":[{"@type":"WebPage","@id":"https:\/\/www.ets-robinet.fr\/?page_id=173","url":"https:\/\/www.ets-robinet.fr\/?page_id=173","name":"Autres activit\u00e9s - ETS -ROBINET","isPartOf":{"@id":"https:\/\/www.ets-robinet.fr\/#website"},"primaryImageOfPage":{"@id":"https:\/\/www.ets-robinet.fr\/?page_id=173#primaryimage"},"image":{"@id":"https:\/\/www.ets-robinet.fr\/?page_id=173#primaryimage"},"thumbnailUrl":"https:\/\/www.ets-robinet.fr\/wp-content\/uploads\/2020\/03\/DSC_0076.jpg","datePublished":"2020-03-22T18:57:27+00:00","dateModified":"2026-02-11T15:02:36+00:00","breadcrumb":{"@id":"https:\/\/www.ets-robinet.fr\/?page_id=173#breadcrumb"},"inLanguage":"fr-FR","potentialAction":[{"@type":"ReadAction","target":["https:\/\/www.ets-robinet.fr\/?page_id=173"]}]},{"@type":"ImageObject","inLanguage":"fr-FR","@id":"https:\/\/www.ets-robinet.fr\/?page_id=173#primaryimage","url":"https:\/\/www.ets-robinet.fr\/wp-content\/uploads\/2020\/03\/DSC_0076.jpg","contentUrl":"https:\/\/www.ets-robinet.fr\/wp-content\/uploads\/2020\/03\/DSC_0076.jpg","width":95,"height":100},{"@type":"BreadcrumbList","@id":"https:\/\/www.ets-robinet.fr\/?page_id=173#breadcrumb","itemListElement":[{"@type":"ListItem","position":1,"name":"Accueil","item":"https:\/\/www.ets-robinet.fr\/"},{"@type":"ListItem","position":2,"name":"Autres activit\u00e9s"}]},{"@type":"WebSite","@id":"https:\/\/www.ets-robinet.fr\/#website","url":"https:\/\/www.ets-robinet.fr\/","name":"ETS -ROBINET","description":"L&#039;\u00e9nergie est notre avenir, \u00e9conomisons la","potentialAction":[{"@type":"SearchAction","target":{"@type":"EntryPoint","urlTemplate":"https:\/\/www.ets-robinet.fr\/?s={search_term_string}"},"query-input":{"@type":"PropertyValueSpecification","valueRequired":true,"valueName":"search_term_string"}}],"inLanguage":"fr-FR"}]}},"_links":{"self":[{"href":"https:\/\/www.ets-robinet.fr\/index.php?rest_route=\/wp\/v2\/pages\/173","targetHints":{"allow":["GET"]}}],"collection":[{"href":"https:\/\/www.ets-robinet.fr\/index.php?rest_route=\/wp\/v2\/pages"}],"about":[{"href":"https:\/\/www.ets-robinet.fr\/index.php?rest_route=\/wp\/v2\/types\/page"}],"author":[{"embeddable":true,"href":"https:\/\/www.ets-robinet.fr\/index.php?rest_route=\/wp\/v2\/users\/1"}],"replies":[{"embeddable":true,"href":"https:\/\/www.ets-robinet.fr\/index.php?rest_route=%2Fwp%2Fv2%2Fcomments&post=173"}],"version-history":[{"count":3,"href":"https:\/\/www.ets-robinet.fr\/index.php?rest_route=\/wp\/v2\/pages\/173\/revisions"}],"predecessor-version":[{"id":242,"href":"https:\/\/www.ets-robinet.fr\/index.php?rest_route=\/wp\/v2\/pages\/173\/revisions\/242"}],"wp:attachment":[{"href":"https:\/\/www.ets-robinet.fr\/index.php?rest_route=%2Fwp%2Fv2%2Fmedia&parent=173"}],"curies":[{"name":"wp","href":"https:\/\/api.w.org\/{rel}","templated":true}]}}