{"id":148,"date":"2020-03-22T18:56:26","date_gmt":"2020-03-22T17:56:26","guid":{"rendered":"https:\/\/robinet.ns-info90.fr\/?page_id=148"},"modified":"2026-02-11T15:59:02","modified_gmt":"2026-02-11T14:59:02","slug":"energies-renouvelables","status":"publish","type":"page","link":"https:\/\/www.ets-robinet.fr\/?page_id=148","title":{"rendered":"Energies renouvelables"},"content":{"rendered":"\n<figure class=\"wp-block-image size-large is-style-circle-mask\"><img loading=\"lazy\" decoding=\"async\" width=\"267\" height=\"200\" src=\"https:\/\/robinet.ns-info90.fr\/wp-content\/uploads\/2020\/03\/DSCF0694_fixed-1.jpeg\" alt=\"\" class=\"wp-image-150\"\/><\/figure>\n\n\n<div class=\"wp-block-image is-style-circle-mask\">\n<figure class=\"alignright size-large\"><img loading=\"lazy\" decoding=\"async\" width=\"242\" height=\"200\" src=\"https:\/\/robinet.ns-info90.fr\/wp-content\/uploads\/2020\/03\/IMGP0130.jpg\" alt=\"\" class=\"wp-image-151\"\/><\/figure>\n<\/div>\n\n\n<p>Chauffe Eau Solaire Individuel (eau chaude sanitaire)<br>Syst\u00e8me de Chauffage Combin\u00e9 (chauffage et eau chaude sanitaire)<br>Chaudi\u00e8re \u00e0 granul\u00e9s de bois<\/p>\n\n\n\n<p><strong>Nos Partenaires<\/strong><\/p>\n\n\n\n<p>Clipsol<br>Solisart<br>\u00d6kofen<\/p>\n\n\n\n<p><strong>Certifications<\/strong><\/p>\n\n\n\n<div class=\"wp-block-columns is-layout-flex wp-container-core-columns-is-layout-9d6595d7 wp-block-columns-is-layout-flex\">\n<div class=\"wp-block-column is-layout-flow wp-block-column-is-layout-flow\"><div class=\"wp-block-image\">\n<figure class=\"aligncenter size-large\"><img loading=\"lazy\" decoding=\"async\" width=\"181\" height=\"100\" src=\"https:\/\/www.ets-robinet.fr\/wp-content\/uploads\/2020\/03\/Logo-Qualisol2.jpg\" alt=\"\" class=\"wp-image-155\"\/><\/figure>\n<\/div><\/div>\n\n\n\n<div class=\"wp-block-column is-layout-flow wp-block-column-is-layout-flow\"><div class=\"wp-block-image\">\n<figure class=\"aligncenter size-large\"><img loading=\"lazy\" decoding=\"async\" width=\"149\" height=\"100\" src=\"https:\/\/www.ets-robinet.fr\/wp-content\/uploads\/2020\/03\/LOGO-ECO-ARTISAN-RGE.jpg\" alt=\"\" class=\"wp-image-156\"\/><\/figure>\n<\/div><\/div>\n<\/div>\n","protected":false},"excerpt":{"rendered":"<p>Chauffe Eau Solaire Individuel (eau chaude sanitaire)Syst\u00e8me de Chauffage Combin\u00e9 (chauffage et eau chaude sanitaire)Chaudi\u00e8re \u00e0 granul\u00e9s de bois Nos Partenaires ClipsolSolisart\u00d6kofen Certifications<\/p>\n","protected":false},"author":1,"featured_media":0,"parent":0,"menu_order":0,"comment_status":"closed","ping_status":"closed","template":"","meta":{"footnotes":""},"class_list":["post-148","page","type-page","status-publish","hentry"],"yoast_head":"<!-- This site is optimized with the Yoast SEO plugin v27.4 - https:\/\/yoast.com\/product\/yoast-seo-wordpress\/ -->\n<title>Energies renouvelables - ETS -ROBINET<\/title>\n<meta name=\"robots\" content=\"index, follow, max-snippet:-1, max-image-preview:large, max-video-preview:-1\" \/>\n<link rel=\"canonical\" href=\"https:\/\/www.ets-robinet.fr\/?page_id=148\" \/>\n<meta property=\"og:locale\" content=\"fr_FR\" \/>\n<meta property=\"og:type\" content=\"article\" \/>\n<meta property=\"og:title\" content=\"Energies renouvelables - ETS -ROBINET\" \/>\n<meta property=\"og:description\" content=\"Chauffe Eau Solaire Individuel (eau chaude sanitaire)Syst\u00e8me de Chauffage Combin\u00e9 (chauffage et eau chaude sanitaire)Chaudi\u00e8re \u00e0 granul\u00e9s de bois Nos Partenaires ClipsolSolisart\u00d6kofen Certifications\" \/>\n<meta property=\"og:url\" content=\"https:\/\/www.ets-robinet.fr\/?page_id=148\" \/>\n<meta property=\"og:site_name\" content=\"ETS -ROBINET\" \/>\n<meta property=\"article:modified_time\" content=\"2026-02-11T14:59:02+00:00\" \/>\n<meta property=\"og:image\" content=\"https:\/\/www.ets-robinet.fr\/wp-content\/uploads\/2020\/03\/DSCF0694_fixed-1.jpeg\" \/>\n\t<meta property=\"og:image:width\" content=\"267\" \/>\n\t<meta property=\"og:image:height\" content=\"200\" \/>\n\t<meta property=\"og:image:type\" content=\"image\/jpeg\" \/>\n<meta name=\"twitter:card\" content=\"summary_large_image\" \/>\n<meta name=\"twitter:label1\" content=\"Dur\u00e9e de lecture estim\u00e9e\" \/>\n\t<meta name=\"twitter:data1\" content=\"1 minute\" \/>\n<script type=\"application\/ld+json\" class=\"yoast-schema-graph\">{\"@context\":\"https:\\\/\\\/schema.org\",\"@graph\":[{\"@type\":\"WebPage\",\"@id\":\"https:\\\/\\\/www.ets-robinet.fr\\\/?page_id=148\",\"url\":\"https:\\\/\\\/www.ets-robinet.fr\\\/?page_id=148\",\"name\":\"Energies renouvelables - ETS -ROBINET\",\"isPartOf\":{\"@id\":\"https:\\\/\\\/www.ets-robinet.fr\\\/#website\"},\"primaryImageOfPage\":{\"@id\":\"https:\\\/\\\/www.ets-robinet.fr\\\/?page_id=148#primaryimage\"},\"image\":{\"@id\":\"https:\\\/\\\/www.ets-robinet.fr\\\/?page_id=148#primaryimage\"},\"thumbnailUrl\":\"https:\\\/\\\/robinet.ns-info90.fr\\\/wp-content\\\/uploads\\\/2020\\\/03\\\/DSCF0694_fixed-1.jpeg\",\"datePublished\":\"2020-03-22T17:56:26+00:00\",\"dateModified\":\"2026-02-11T14:59:02+00:00\",\"breadcrumb\":{\"@id\":\"https:\\\/\\\/www.ets-robinet.fr\\\/?page_id=148#breadcrumb\"},\"inLanguage\":\"fr-FR\",\"potentialAction\":[{\"@type\":\"ReadAction\",\"target\":[\"https:\\\/\\\/www.ets-robinet.fr\\\/?page_id=148\"]}]},{\"@type\":\"ImageObject\",\"inLanguage\":\"fr-FR\",\"@id\":\"https:\\\/\\\/www.ets-robinet.fr\\\/?page_id=148#primaryimage\",\"url\":\"https:\\\/\\\/robinet.ns-info90.fr\\\/wp-content\\\/uploads\\\/2020\\\/03\\\/DSCF0694_fixed-1.jpeg\",\"contentUrl\":\"https:\\\/\\\/robinet.ns-info90.fr\\\/wp-content\\\/uploads\\\/2020\\\/03\\\/DSCF0694_fixed-1.jpeg\"},{\"@type\":\"BreadcrumbList\",\"@id\":\"https:\\\/\\\/www.ets-robinet.fr\\\/?page_id=148#breadcrumb\",\"itemListElement\":[{\"@type\":\"ListItem\",\"position\":1,\"name\":\"Accueil\",\"item\":\"https:\\\/\\\/www.ets-robinet.fr\\\/\"},{\"@type\":\"ListItem\",\"position\":2,\"name\":\"Energies renouvelables\"}]},{\"@type\":\"WebSite\",\"@id\":\"https:\\\/\\\/www.ets-robinet.fr\\\/#website\",\"url\":\"https:\\\/\\\/www.ets-robinet.fr\\\/\",\"name\":\"ETS -ROBINET\",\"description\":\"L&#039;\u00e9nergie est notre avenir, \u00e9conomisons la\",\"potentialAction\":[{\"@type\":\"SearchAction\",\"target\":{\"@type\":\"EntryPoint\",\"urlTemplate\":\"https:\\\/\\\/www.ets-robinet.fr\\\/?s={search_term_string}\"},\"query-input\":{\"@type\":\"PropertyValueSpecification\",\"valueRequired\":true,\"valueName\":\"search_term_string\"}}],\"inLanguage\":\"fr-FR\"}]}<\/script>\n<!-- \/ Yoast SEO plugin. -->","yoast_head_json":{"title":"Energies renouvelables - ETS -ROBINET","robots":{"index":"index","follow":"follow","max-snippet":"max-snippet:-1","max-image-preview":"max-image-preview:large","max-video-preview":"max-video-preview:-1"},"canonical":"https:\/\/www.ets-robinet.fr\/?page_id=148","og_locale":"fr_FR","og_type":"article","og_title":"Energies renouvelables - ETS -ROBINET","og_description":"Chauffe Eau Solaire Individuel (eau chaude sanitaire)Syst\u00e8me de Chauffage Combin\u00e9 (chauffage et eau chaude sanitaire)Chaudi\u00e8re \u00e0 granul\u00e9s de bois Nos Partenaires ClipsolSolisart\u00d6kofen Certifications","og_url":"https:\/\/www.ets-robinet.fr\/?page_id=148","og_site_name":"ETS -ROBINET","article_modified_time":"2026-02-11T14:59:02+00:00","og_image":[{"width":267,"height":200,"url":"https:\/\/www.ets-robinet.fr\/wp-content\/uploads\/2020\/03\/DSCF0694_fixed-1.jpeg","type":"image\/jpeg"}],"twitter_card":"summary_large_image","twitter_misc":{"Dur\u00e9e de lecture estim\u00e9e":"1 minute"},"schema":{"@context":"https:\/\/schema.org","@graph":[{"@type":"WebPage","@id":"https:\/\/www.ets-robinet.fr\/?page_id=148","url":"https:\/\/www.ets-robinet.fr\/?page_id=148","name":"Energies renouvelables - ETS -ROBINET","isPartOf":{"@id":"https:\/\/www.ets-robinet.fr\/#website"},"primaryImageOfPage":{"@id":"https:\/\/www.ets-robinet.fr\/?page_id=148#primaryimage"},"image":{"@id":"https:\/\/www.ets-robinet.fr\/?page_id=148#primaryimage"},"thumbnailUrl":"https:\/\/robinet.ns-info90.fr\/wp-content\/uploads\/2020\/03\/DSCF0694_fixed-1.jpeg","datePublished":"2020-03-22T17:56:26+00:00","dateModified":"2026-02-11T14:59:02+00:00","breadcrumb":{"@id":"https:\/\/www.ets-robinet.fr\/?page_id=148#breadcrumb"},"inLanguage":"fr-FR","potentialAction":[{"@type":"ReadAction","target":["https:\/\/www.ets-robinet.fr\/?page_id=148"]}]},{"@type":"ImageObject","inLanguage":"fr-FR","@id":"https:\/\/www.ets-robinet.fr\/?page_id=148#primaryimage","url":"https:\/\/robinet.ns-info90.fr\/wp-content\/uploads\/2020\/03\/DSCF0694_fixed-1.jpeg","contentUrl":"https:\/\/robinet.ns-info90.fr\/wp-content\/uploads\/2020\/03\/DSCF0694_fixed-1.jpeg"},{"@type":"BreadcrumbList","@id":"https:\/\/www.ets-robinet.fr\/?page_id=148#breadcrumb","itemListElement":[{"@type":"ListItem","position":1,"name":"Accueil","item":"https:\/\/www.ets-robinet.fr\/"},{"@type":"ListItem","position":2,"name":"Energies renouvelables"}]},{"@type":"WebSite","@id":"https:\/\/www.ets-robinet.fr\/#website","url":"https:\/\/www.ets-robinet.fr\/","name":"ETS -ROBINET","description":"L&#039;\u00e9nergie est notre avenir, \u00e9conomisons la","potentialAction":[{"@type":"SearchAction","target":{"@type":"EntryPoint","urlTemplate":"https:\/\/www.ets-robinet.fr\/?s={search_term_string}"},"query-input":{"@type":"PropertyValueSpecification","valueRequired":true,"valueName":"search_term_string"}}],"inLanguage":"fr-FR"}]}},"_links":{"self":[{"href":"https:\/\/www.ets-robinet.fr\/index.php?rest_route=\/wp\/v2\/pages\/148","targetHints":{"allow":["GET"]}}],"collection":[{"href":"https:\/\/www.ets-robinet.fr\/index.php?rest_route=\/wp\/v2\/pages"}],"about":[{"href":"https:\/\/www.ets-robinet.fr\/index.php?rest_route=\/wp\/v2\/types\/page"}],"author":[{"embeddable":true,"href":"https:\/\/www.ets-robinet.fr\/index.php?rest_route=\/wp\/v2\/users\/1"}],"replies":[{"embeddable":true,"href":"https:\/\/www.ets-robinet.fr\/index.php?rest_route=%2Fwp%2Fv2%2Fcomments&post=148"}],"version-history":[{"count":3,"href":"https:\/\/www.ets-robinet.fr\/index.php?rest_route=\/wp\/v2\/pages\/148\/revisions"}],"predecessor-version":[{"id":237,"href":"https:\/\/www.ets-robinet.fr\/index.php?rest_route=\/wp\/v2\/pages\/148\/revisions\/237"}],"wp:attachment":[{"href":"https:\/\/www.ets-robinet.fr\/index.php?rest_route=%2Fwp%2Fv2%2Fmedia&parent=148"}],"curies":[{"name":"wp","href":"https:\/\/api.w.org\/{rel}","templated":true}]}}