{"id":130,"date":"2019-10-19T02:51:09","date_gmt":"2019-10-19T00:51:09","guid":{"rendered":"https:\/\/robinet.ns-info90.fr\/?page_id=130"},"modified":"2026-02-11T15:57:20","modified_gmt":"2026-02-11T14:57:20","slug":"entretien-et-depannage","status":"publish","type":"page","link":"https:\/\/www.ets-robinet.fr\/?page_id=130","title":{"rendered":"Entretien et D\u00e9pannage"},"content":{"rendered":"\n<figure class=\"wp-block-image size-large\"><img loading=\"lazy\" decoding=\"async\" width=\"566\" height=\"291\" src=\"https:\/\/robinet.ns-info90.fr\/wp-content\/uploads\/2020\/03\/39bdac13-083b-4067-aa54-3a13b0113e1b.jpg\" alt=\"\" class=\"wp-image-138\" srcset=\"https:\/\/www.ets-robinet.fr\/wp-content\/uploads\/2020\/03\/39bdac13-083b-4067-aa54-3a13b0113e1b.jpg 566w, https:\/\/www.ets-robinet.fr\/wp-content\/uploads\/2020\/03\/39bdac13-083b-4067-aa54-3a13b0113e1b-300x154.jpg 300w\" sizes=\"auto, (max-width: 566px) 100vw, 566px\" \/><figcaption class=\"wp-element-caption\"> chauffage &#8211; changer la chaleur du radiateur <\/figcaption><\/figure>\n\n\n\n<p><strong>Entretien<\/strong><\/p>\n\n\n\n<p>Chaudi\u00e8res fioul toutes marques (126.00 \u20ac T.T.C. sans ramonage et 150.00 \u20ac T.T.C. avec ramonage)<br> Chaudi\u00e8res gaz toutes marques (120.00 \u20ac T.T.C.)<br> Chaudi\u00e8re granul\u00e9s \u00d6kofen et Hargasnner (180.00 \u20ac T.T.C.)<\/p>\n\n\n\n<p><strong>D\u00e9pannage<\/strong><\/p>\n\n\n\n<p>Chaudi\u00e8re fioul<br>Chaudi\u00e8re gaz<br>Chaudi\u00e8re granul\u00e9s<br><br><em>Taux horaire de main d&rsquo;\u0153uvre : 55.00 \u20ac T.T.C. \/ Frais de d\u00e9placement dans un rayon de 15 km : 33.00 \u20ac T.T.C, entre 15 et 30 km : 66.00 \u20ac T.T.C.<\/em><\/p>\n\n\n\n<p><strong>Ramonage<\/strong> <em>(49.00 \u20ac TTC)<\/em><\/p>\n\n\n<div class=\"wp-block-image\">\n<figure class=\"alignright size-large\"><img loading=\"lazy\" decoding=\"async\" width=\"312\" height=\"167\" src=\"https:\/\/robinet.ns-info90.fr\/wp-content\/uploads\/2020\/03\/avant-apres-adwards-2015.jpg\" alt=\"\" class=\"wp-image-137\" srcset=\"https:\/\/www.ets-robinet.fr\/wp-content\/uploads\/2020\/03\/avant-apres-adwards-2015.jpg 312w, https:\/\/www.ets-robinet.fr\/wp-content\/uploads\/2020\/03\/avant-apres-adwards-2015-300x161.jpg 300w\" sizes=\"auto, (max-width: 312px) 100vw, 312px\" \/><\/figure>\n<\/div>\n\n\n<p>Ramonage conduit, fioul, gaz, bois, pellets<br>\nD\u00e9bistrage m\u00e9canique des conduits bois<br>\nRamonage par rotation des outils (technique de mise en rotation des cannes et des outils avec une perceuse)<\/p>\n\n\n\n<p><\/p>\n\n\n\n<p><strong>Tubage<\/strong><\/p>\n\n\n\n<p>R\u00e9alisation tubage inox pour combustible bois, fioul et gaz<br>R\u00e9alisation de tubage sp\u00e9cial chaudi\u00e8re Condensation<\/p>\n\n\n\n<p><strong>Nos partenaires<\/strong><\/p>\n\n\n\n<div class=\"wp-block-group\"><div class=\"wp-block-group__inner-container is-layout-flow wp-block-group-is-layout-flow\"><div class=\"wp-block-image is-style-default\">\n<figure class=\"aligncenter size-large\"><img loading=\"lazy\" decoding=\"async\" width=\"221\" height=\"101\" src=\"https:\/\/www.ets-robinet.fr\/wp-content\/uploads\/2020\/03\/logo_okofen.png\" alt=\"\" class=\"wp-image-142\"\/><\/figure>\n<\/div><\/div><\/div>\n\n\n\n<div class=\"wp-block-group\"><div class=\"wp-block-group__inner-container is-layout-flow wp-block-group-is-layout-flow\"><div class=\"wp-block-image\">\n<figure class=\"aligncenter size-large\"><img loading=\"lazy\" decoding=\"async\" width=\"203\" height=\"66\" src=\"https:\/\/www.ets-robinet.fr\/wp-content\/uploads\/2020\/03\/Logo_Viessmann-2.jpg\" alt=\"\" class=\"wp-image-146\"\/><\/figure>\n<\/div><\/div><\/div>\n","protected":false},"excerpt":{"rendered":"<p>Entretien Chaudi\u00e8res fioul toutes marques (126.00 \u20ac T.T.C. sans ramonage et 150.00 \u20ac T.T.C. avec ramonage) Chaudi\u00e8res gaz toutes marques (120.00 \u20ac T.T.C.) Chaudi\u00e8re granul\u00e9s \u00d6kofen et Hargasnner (180.00 \u20ac T.T.C.) D\u00e9pannage Chaudi\u00e8re fioulChaudi\u00e8re gazChaudi\u00e8re granul\u00e9s Taux horaire de main d&rsquo;\u0153uvre : 55.00 \u20ac T.T.C. \/ Frais de d\u00e9placement dans un rayon de 15 km [&hellip;]<\/p>\n","protected":false},"author":1,"featured_media":0,"parent":0,"menu_order":0,"comment_status":"closed","ping_status":"closed","template":"","meta":{"footnotes":""},"class_list":["post-130","page","type-page","status-publish","hentry"],"yoast_head":"<!-- This site is optimized with the Yoast SEO plugin v27.3 - https:\/\/yoast.com\/product\/yoast-seo-wordpress\/ -->\n<title>Entretien et D\u00e9pannage - ETS -ROBINET<\/title>\n<meta name=\"robots\" content=\"index, follow, max-snippet:-1, max-image-preview:large, max-video-preview:-1\" \/>\n<link rel=\"canonical\" href=\"https:\/\/www.ets-robinet.fr\/?page_id=130\" \/>\n<meta property=\"og:locale\" content=\"fr_FR\" \/>\n<meta property=\"og:type\" content=\"article\" \/>\n<meta property=\"og:title\" content=\"Entretien et D\u00e9pannage - ETS -ROBINET\" \/>\n<meta property=\"og:description\" content=\"Entretien Chaudi\u00e8res fioul toutes marques (126.00 \u20ac T.T.C. sans ramonage et 150.00 \u20ac T.T.C. avec ramonage) Chaudi\u00e8res gaz toutes marques (120.00 \u20ac T.T.C.) Chaudi\u00e8re granul\u00e9s \u00d6kofen et Hargasnner (180.00 \u20ac T.T.C.) D\u00e9pannage Chaudi\u00e8re fioulChaudi\u00e8re gazChaudi\u00e8re granul\u00e9s Taux horaire de main d&rsquo;\u0153uvre : 55.00 \u20ac T.T.C. \/ Frais de d\u00e9placement dans un rayon de 15 km [&hellip;]\" \/>\n<meta property=\"og:url\" content=\"https:\/\/www.ets-robinet.fr\/?page_id=130\" \/>\n<meta property=\"og:site_name\" content=\"ETS -ROBINET\" \/>\n<meta property=\"article:modified_time\" content=\"2026-02-11T14:57:20+00:00\" \/>\n<meta property=\"og:image\" content=\"https:\/\/www.ets-robinet.fr\/wp-content\/uploads\/2020\/03\/39bdac13-083b-4067-aa54-3a13b0113e1b.jpg\" \/>\n\t<meta property=\"og:image:width\" content=\"566\" \/>\n\t<meta property=\"og:image:height\" content=\"291\" \/>\n\t<meta property=\"og:image:type\" content=\"image\/jpeg\" \/>\n<meta name=\"twitter:card\" content=\"summary_large_image\" \/>\n<meta name=\"twitter:label1\" content=\"Dur\u00e9e de lecture estim\u00e9e\" \/>\n\t<meta name=\"twitter:data1\" content=\"2 minutes\" \/>\n<script type=\"application\/ld+json\" class=\"yoast-schema-graph\">{\"@context\":\"https:\\\/\\\/schema.org\",\"@graph\":[{\"@type\":\"WebPage\",\"@id\":\"https:\\\/\\\/www.ets-robinet.fr\\\/?page_id=130\",\"url\":\"https:\\\/\\\/www.ets-robinet.fr\\\/?page_id=130\",\"name\":\"Entretien et D\u00e9pannage - ETS -ROBINET\",\"isPartOf\":{\"@id\":\"https:\\\/\\\/www.ets-robinet.fr\\\/#website\"},\"primaryImageOfPage\":{\"@id\":\"https:\\\/\\\/www.ets-robinet.fr\\\/?page_id=130#primaryimage\"},\"image\":{\"@id\":\"https:\\\/\\\/www.ets-robinet.fr\\\/?page_id=130#primaryimage\"},\"thumbnailUrl\":\"https:\\\/\\\/robinet.ns-info90.fr\\\/wp-content\\\/uploads\\\/2020\\\/03\\\/39bdac13-083b-4067-aa54-3a13b0113e1b.jpg\",\"datePublished\":\"2019-10-19T00:51:09+00:00\",\"dateModified\":\"2026-02-11T14:57:20+00:00\",\"breadcrumb\":{\"@id\":\"https:\\\/\\\/www.ets-robinet.fr\\\/?page_id=130#breadcrumb\"},\"inLanguage\":\"fr-FR\",\"potentialAction\":[{\"@type\":\"ReadAction\",\"target\":[\"https:\\\/\\\/www.ets-robinet.fr\\\/?page_id=130\"]}]},{\"@type\":\"ImageObject\",\"inLanguage\":\"fr-FR\",\"@id\":\"https:\\\/\\\/www.ets-robinet.fr\\\/?page_id=130#primaryimage\",\"url\":\"https:\\\/\\\/robinet.ns-info90.fr\\\/wp-content\\\/uploads\\\/2020\\\/03\\\/39bdac13-083b-4067-aa54-3a13b0113e1b.jpg\",\"contentUrl\":\"https:\\\/\\\/robinet.ns-info90.fr\\\/wp-content\\\/uploads\\\/2020\\\/03\\\/39bdac13-083b-4067-aa54-3a13b0113e1b.jpg\"},{\"@type\":\"BreadcrumbList\",\"@id\":\"https:\\\/\\\/www.ets-robinet.fr\\\/?page_id=130#breadcrumb\",\"itemListElement\":[{\"@type\":\"ListItem\",\"position\":1,\"name\":\"Accueil\",\"item\":\"https:\\\/\\\/www.ets-robinet.fr\\\/\"},{\"@type\":\"ListItem\",\"position\":2,\"name\":\"Entretien et D\u00e9pannage\"}]},{\"@type\":\"WebSite\",\"@id\":\"https:\\\/\\\/www.ets-robinet.fr\\\/#website\",\"url\":\"https:\\\/\\\/www.ets-robinet.fr\\\/\",\"name\":\"ETS -ROBINET\",\"description\":\"L&#039;\u00e9nergie est notre avenir, \u00e9conomisons la\",\"potentialAction\":[{\"@type\":\"SearchAction\",\"target\":{\"@type\":\"EntryPoint\",\"urlTemplate\":\"https:\\\/\\\/www.ets-robinet.fr\\\/?s={search_term_string}\"},\"query-input\":{\"@type\":\"PropertyValueSpecification\",\"valueRequired\":true,\"valueName\":\"search_term_string\"}}],\"inLanguage\":\"fr-FR\"}]}<\/script>\n<!-- \/ Yoast SEO plugin. -->","yoast_head_json":{"title":"Entretien et D\u00e9pannage - ETS -ROBINET","robots":{"index":"index","follow":"follow","max-snippet":"max-snippet:-1","max-image-preview":"max-image-preview:large","max-video-preview":"max-video-preview:-1"},"canonical":"https:\/\/www.ets-robinet.fr\/?page_id=130","og_locale":"fr_FR","og_type":"article","og_title":"Entretien et D\u00e9pannage - ETS -ROBINET","og_description":"Entretien Chaudi\u00e8res fioul toutes marques (126.00 \u20ac T.T.C. sans ramonage et 150.00 \u20ac T.T.C. avec ramonage) Chaudi\u00e8res gaz toutes marques (120.00 \u20ac T.T.C.) Chaudi\u00e8re granul\u00e9s \u00d6kofen et Hargasnner (180.00 \u20ac T.T.C.) D\u00e9pannage Chaudi\u00e8re fioulChaudi\u00e8re gazChaudi\u00e8re granul\u00e9s Taux horaire de main d&rsquo;\u0153uvre : 55.00 \u20ac T.T.C. \/ Frais de d\u00e9placement dans un rayon de 15 km [&hellip;]","og_url":"https:\/\/www.ets-robinet.fr\/?page_id=130","og_site_name":"ETS -ROBINET","article_modified_time":"2026-02-11T14:57:20+00:00","og_image":[{"width":566,"height":291,"url":"https:\/\/www.ets-robinet.fr\/wp-content\/uploads\/2020\/03\/39bdac13-083b-4067-aa54-3a13b0113e1b.jpg","type":"image\/jpeg"}],"twitter_card":"summary_large_image","twitter_misc":{"Dur\u00e9e de lecture estim\u00e9e":"2 minutes"},"schema":{"@context":"https:\/\/schema.org","@graph":[{"@type":"WebPage","@id":"https:\/\/www.ets-robinet.fr\/?page_id=130","url":"https:\/\/www.ets-robinet.fr\/?page_id=130","name":"Entretien et D\u00e9pannage - ETS -ROBINET","isPartOf":{"@id":"https:\/\/www.ets-robinet.fr\/#website"},"primaryImageOfPage":{"@id":"https:\/\/www.ets-robinet.fr\/?page_id=130#primaryimage"},"image":{"@id":"https:\/\/www.ets-robinet.fr\/?page_id=130#primaryimage"},"thumbnailUrl":"https:\/\/robinet.ns-info90.fr\/wp-content\/uploads\/2020\/03\/39bdac13-083b-4067-aa54-3a13b0113e1b.jpg","datePublished":"2019-10-19T00:51:09+00:00","dateModified":"2026-02-11T14:57:20+00:00","breadcrumb":{"@id":"https:\/\/www.ets-robinet.fr\/?page_id=130#breadcrumb"},"inLanguage":"fr-FR","potentialAction":[{"@type":"ReadAction","target":["https:\/\/www.ets-robinet.fr\/?page_id=130"]}]},{"@type":"ImageObject","inLanguage":"fr-FR","@id":"https:\/\/www.ets-robinet.fr\/?page_id=130#primaryimage","url":"https:\/\/robinet.ns-info90.fr\/wp-content\/uploads\/2020\/03\/39bdac13-083b-4067-aa54-3a13b0113e1b.jpg","contentUrl":"https:\/\/robinet.ns-info90.fr\/wp-content\/uploads\/2020\/03\/39bdac13-083b-4067-aa54-3a13b0113e1b.jpg"},{"@type":"BreadcrumbList","@id":"https:\/\/www.ets-robinet.fr\/?page_id=130#breadcrumb","itemListElement":[{"@type":"ListItem","position":1,"name":"Accueil","item":"https:\/\/www.ets-robinet.fr\/"},{"@type":"ListItem","position":2,"name":"Entretien et D\u00e9pannage"}]},{"@type":"WebSite","@id":"https:\/\/www.ets-robinet.fr\/#website","url":"https:\/\/www.ets-robinet.fr\/","name":"ETS -ROBINET","description":"L&#039;\u00e9nergie est notre avenir, \u00e9conomisons la","potentialAction":[{"@type":"SearchAction","target":{"@type":"EntryPoint","urlTemplate":"https:\/\/www.ets-robinet.fr\/?s={search_term_string}"},"query-input":{"@type":"PropertyValueSpecification","valueRequired":true,"valueName":"search_term_string"}}],"inLanguage":"fr-FR"}]}},"_links":{"self":[{"href":"https:\/\/www.ets-robinet.fr\/index.php?rest_route=\/wp\/v2\/pages\/130","targetHints":{"allow":["GET"]}}],"collection":[{"href":"https:\/\/www.ets-robinet.fr\/index.php?rest_route=\/wp\/v2\/pages"}],"about":[{"href":"https:\/\/www.ets-robinet.fr\/index.php?rest_route=\/wp\/v2\/types\/page"}],"author":[{"embeddable":true,"href":"https:\/\/www.ets-robinet.fr\/index.php?rest_route=\/wp\/v2\/users\/1"}],"replies":[{"embeddable":true,"href":"https:\/\/www.ets-robinet.fr\/index.php?rest_route=%2Fwp%2Fv2%2Fcomments&post=130"}],"version-history":[{"count":7,"href":"https:\/\/www.ets-robinet.fr\/index.php?rest_route=\/wp\/v2\/pages\/130\/revisions"}],"predecessor-version":[{"id":235,"href":"https:\/\/www.ets-robinet.fr\/index.php?rest_route=\/wp\/v2\/pages\/130\/revisions\/235"}],"wp:attachment":[{"href":"https:\/\/www.ets-robinet.fr\/index.php?rest_route=%2Fwp%2Fv2%2Fmedia&parent=130"}],"curies":[{"name":"wp","href":"https:\/\/api.w.org\/{rel}","templated":true}]}}