{"id":111,"date":"2019-10-19T02:12:47","date_gmt":"2019-10-19T00:12:47","guid":{"rendered":"https:\/\/robinet.ns-info90.fr\/?page_id=111"},"modified":"2019-10-19T02:12:48","modified_gmt":"2019-10-19T00:12:48","slug":"chaudieres","status":"publish","type":"page","link":"https:\/\/www.ets-robinet.fr\/?page_id=111","title":{"rendered":"Chaudi\u00e8res"},"content":{"rendered":"\n<p class=\"has-text-color has-vivid-red-color\"><strong>Chaudi\u00e8re fioul \u00e0 condensation chaud<\/strong><\/p>\n\n\n\n<p>La chaudi\u00e8re fioul \u00e0 condensation s\u2019adapte \u00e0 toute maison \u00e9quip\u00e9e d\u2019un syst\u00e8me de chauffage central. Gr\u00e2ce \u00e0 une technologie performante, cette solution permet de se chauffer efficacement tout en r\u00e9duisant sa consommation \u00e9nerg\u00e9tique.<\/p>\n\n\n\n<p class=\"has-text-color has-vivid-red-color\"><strong>Chaudi\u00e8re gaz \u00e0 condensation<\/strong><\/p>\n\n\n\n<p>La chaudi\u00e8re gaz \u00e0 condensation permet de r\u00e9duire votre consommation de gaz jusqu\u2019\u00e0 35 % et ce pour un prix tr\u00e8s raisonnable. Gr\u00e2ce aux \u00e9conomies r\u00e9alis\u00e9es et aux diff\u00e9rentes aides r\u00e9duisant ce co\u00fbt, cette chaudi\u00e8re gaz est rentabilis\u00e9e en 6 ans maximum.<\/p>\n\n\n\n<p class=\"has-text-color has-vivid-red-color\"><strong>Chaudi\u00e8re \u00e0 granul\u00e9s de bois<\/strong><\/p>\n\n\n\n<p>La chaudi\u00e8re \u00e0 granul\u00e9s, ou chaudi\u00e8re \u00e0 pellets, est une solution \u00e9conomique qui permet de diviser par 2 vos factures de chauffage et d\u2019amortir ainsi le prix d\u2019achat de la chaudi\u00e8re. En effet, le bois est l\u2019\u00e9nergie de chauffage la moins ch\u00e8re du march\u00e9. Le faible co\u00fbt de ce combustible vous permettra donc de rentabiliser votre chaudi\u00e8re \u00e0 granul\u00e9s en seulement quelques ann\u00e9es.<\/p>\n\n\n\n<p class=\"has-text-color has-vivid-red-color\"><strong>Chaudi\u00e8re bois<\/strong><\/p>\n\n\n\n<p>Le chauffage au bois s\u00e9duit de plus en plus de Fran\u00e7ais. Tout comme la chaudi\u00e8re \u00e0 granul\u00e9s de bois, la chaudi\u00e8re bois-b\u00fbches est l\u2019un des syst\u00e8mes de chauffage le plus \u00e9conomique en fonctionnement gr\u00e2ce \u00e0 son combustible qui est le moins cher du march\u00e9. Les \u00e9conomies engendr\u00e9es (jusqu\u2019\u00e0 50% d\u2019\u00e9conomies sur vos factures) combin\u00e9es \u00e0 son co\u00fbt abordable sauront vous convaincre d\u2019une rentabilit\u00e9 rapide.<\/p>\n","protected":false},"excerpt":{"rendered":"<p>Chaudi\u00e8re fioul \u00e0 condensation chaud La chaudi\u00e8re fioul \u00e0 condensation s\u2019adapte \u00e0 toute maison \u00e9quip\u00e9e d\u2019un syst\u00e8me de chauffage central. Gr\u00e2ce \u00e0 une technologie performante, cette solution permet de se chauffer efficacement tout en r\u00e9duisant sa consommation \u00e9nerg\u00e9tique. Chaudi\u00e8re gaz \u00e0 condensation La chaudi\u00e8re gaz \u00e0 condensation permet de r\u00e9duire votre consommation de gaz jusqu\u2019\u00e0 [&hellip;]<\/p>\n","protected":false},"author":1,"featured_media":0,"parent":0,"menu_order":0,"comment_status":"closed","ping_status":"closed","template":"","meta":{"footnotes":""},"class_list":["post-111","page","type-page","status-publish","hentry"],"yoast_head":"<!-- This site is optimized with the Yoast SEO plugin v27.3 - https:\/\/yoast.com\/product\/yoast-seo-wordpress\/ -->\n<title>Chaudi\u00e8res - ETS -ROBINET<\/title>\n<meta name=\"robots\" content=\"index, follow, max-snippet:-1, max-image-preview:large, max-video-preview:-1\" \/>\n<link rel=\"canonical\" href=\"https:\/\/www.ets-robinet.fr\/?page_id=111\" \/>\n<meta property=\"og:locale\" content=\"fr_FR\" \/>\n<meta property=\"og:type\" content=\"article\" \/>\n<meta property=\"og:title\" content=\"Chaudi\u00e8res - ETS -ROBINET\" \/>\n<meta property=\"og:description\" content=\"Chaudi\u00e8re fioul \u00e0 condensation chaud La chaudi\u00e8re fioul \u00e0 condensation s\u2019adapte \u00e0 toute maison \u00e9quip\u00e9e d\u2019un syst\u00e8me de chauffage central. Gr\u00e2ce \u00e0 une technologie performante, cette solution permet de se chauffer efficacement tout en r\u00e9duisant sa consommation \u00e9nerg\u00e9tique. Chaudi\u00e8re gaz \u00e0 condensation La chaudi\u00e8re gaz \u00e0 condensation permet de r\u00e9duire votre consommation de gaz jusqu\u2019\u00e0 [&hellip;]\" \/>\n<meta property=\"og:url\" content=\"https:\/\/www.ets-robinet.fr\/?page_id=111\" \/>\n<meta property=\"og:site_name\" content=\"ETS -ROBINET\" \/>\n<meta property=\"article:modified_time\" content=\"2019-10-19T00:12:48+00:00\" \/>\n<meta name=\"twitter:card\" content=\"summary_large_image\" \/>\n<meta name=\"twitter:label1\" content=\"Dur\u00e9e de lecture estim\u00e9e\" \/>\n\t<meta name=\"twitter:data1\" content=\"1 minute\" \/>\n<script type=\"application\/ld+json\" class=\"yoast-schema-graph\">{\"@context\":\"https:\\\/\\\/schema.org\",\"@graph\":[{\"@type\":\"WebPage\",\"@id\":\"https:\\\/\\\/www.ets-robinet.fr\\\/?page_id=111\",\"url\":\"https:\\\/\\\/www.ets-robinet.fr\\\/?page_id=111\",\"name\":\"Chaudi\u00e8res - ETS -ROBINET\",\"isPartOf\":{\"@id\":\"https:\\\/\\\/www.ets-robinet.fr\\\/#website\"},\"datePublished\":\"2019-10-19T00:12:47+00:00\",\"dateModified\":\"2019-10-19T00:12:48+00:00\",\"breadcrumb\":{\"@id\":\"https:\\\/\\\/www.ets-robinet.fr\\\/?page_id=111#breadcrumb\"},\"inLanguage\":\"fr-FR\",\"potentialAction\":[{\"@type\":\"ReadAction\",\"target\":[\"https:\\\/\\\/www.ets-robinet.fr\\\/?page_id=111\"]}]},{\"@type\":\"BreadcrumbList\",\"@id\":\"https:\\\/\\\/www.ets-robinet.fr\\\/?page_id=111#breadcrumb\",\"itemListElement\":[{\"@type\":\"ListItem\",\"position\":1,\"name\":\"Accueil\",\"item\":\"https:\\\/\\\/www.ets-robinet.fr\\\/\"},{\"@type\":\"ListItem\",\"position\":2,\"name\":\"Chaudi\u00e8res\"}]},{\"@type\":\"WebSite\",\"@id\":\"https:\\\/\\\/www.ets-robinet.fr\\\/#website\",\"url\":\"https:\\\/\\\/www.ets-robinet.fr\\\/\",\"name\":\"ETS -ROBINET\",\"description\":\"L&#039;\u00e9nergie est notre avenir, \u00e9conomisons la\",\"potentialAction\":[{\"@type\":\"SearchAction\",\"target\":{\"@type\":\"EntryPoint\",\"urlTemplate\":\"https:\\\/\\\/www.ets-robinet.fr\\\/?s={search_term_string}\"},\"query-input\":{\"@type\":\"PropertyValueSpecification\",\"valueRequired\":true,\"valueName\":\"search_term_string\"}}],\"inLanguage\":\"fr-FR\"}]}<\/script>\n<!-- \/ Yoast SEO plugin. -->","yoast_head_json":{"title":"Chaudi\u00e8res - ETS -ROBINET","robots":{"index":"index","follow":"follow","max-snippet":"max-snippet:-1","max-image-preview":"max-image-preview:large","max-video-preview":"max-video-preview:-1"},"canonical":"https:\/\/www.ets-robinet.fr\/?page_id=111","og_locale":"fr_FR","og_type":"article","og_title":"Chaudi\u00e8res - ETS -ROBINET","og_description":"Chaudi\u00e8re fioul \u00e0 condensation chaud La chaudi\u00e8re fioul \u00e0 condensation s\u2019adapte \u00e0 toute maison \u00e9quip\u00e9e d\u2019un syst\u00e8me de chauffage central. Gr\u00e2ce \u00e0 une technologie performante, cette solution permet de se chauffer efficacement tout en r\u00e9duisant sa consommation \u00e9nerg\u00e9tique. Chaudi\u00e8re gaz \u00e0 condensation La chaudi\u00e8re gaz \u00e0 condensation permet de r\u00e9duire votre consommation de gaz jusqu\u2019\u00e0 [&hellip;]","og_url":"https:\/\/www.ets-robinet.fr\/?page_id=111","og_site_name":"ETS -ROBINET","article_modified_time":"2019-10-19T00:12:48+00:00","twitter_card":"summary_large_image","twitter_misc":{"Dur\u00e9e de lecture estim\u00e9e":"1 minute"},"schema":{"@context":"https:\/\/schema.org","@graph":[{"@type":"WebPage","@id":"https:\/\/www.ets-robinet.fr\/?page_id=111","url":"https:\/\/www.ets-robinet.fr\/?page_id=111","name":"Chaudi\u00e8res - ETS -ROBINET","isPartOf":{"@id":"https:\/\/www.ets-robinet.fr\/#website"},"datePublished":"2019-10-19T00:12:47+00:00","dateModified":"2019-10-19T00:12:48+00:00","breadcrumb":{"@id":"https:\/\/www.ets-robinet.fr\/?page_id=111#breadcrumb"},"inLanguage":"fr-FR","potentialAction":[{"@type":"ReadAction","target":["https:\/\/www.ets-robinet.fr\/?page_id=111"]}]},{"@type":"BreadcrumbList","@id":"https:\/\/www.ets-robinet.fr\/?page_id=111#breadcrumb","itemListElement":[{"@type":"ListItem","position":1,"name":"Accueil","item":"https:\/\/www.ets-robinet.fr\/"},{"@type":"ListItem","position":2,"name":"Chaudi\u00e8res"}]},{"@type":"WebSite","@id":"https:\/\/www.ets-robinet.fr\/#website","url":"https:\/\/www.ets-robinet.fr\/","name":"ETS -ROBINET","description":"L&#039;\u00e9nergie est notre avenir, \u00e9conomisons la","potentialAction":[{"@type":"SearchAction","target":{"@type":"EntryPoint","urlTemplate":"https:\/\/www.ets-robinet.fr\/?s={search_term_string}"},"query-input":{"@type":"PropertyValueSpecification","valueRequired":true,"valueName":"search_term_string"}}],"inLanguage":"fr-FR"}]}},"_links":{"self":[{"href":"https:\/\/www.ets-robinet.fr\/index.php?rest_route=\/wp\/v2\/pages\/111","targetHints":{"allow":["GET"]}}],"collection":[{"href":"https:\/\/www.ets-robinet.fr\/index.php?rest_route=\/wp\/v2\/pages"}],"about":[{"href":"https:\/\/www.ets-robinet.fr\/index.php?rest_route=\/wp\/v2\/types\/page"}],"author":[{"embeddable":true,"href":"https:\/\/www.ets-robinet.fr\/index.php?rest_route=\/wp\/v2\/users\/1"}],"replies":[{"embeddable":true,"href":"https:\/\/www.ets-robinet.fr\/index.php?rest_route=%2Fwp%2Fv2%2Fcomments&post=111"}],"version-history":[{"count":1,"href":"https:\/\/www.ets-robinet.fr\/index.php?rest_route=\/wp\/v2\/pages\/111\/revisions"}],"predecessor-version":[{"id":112,"href":"https:\/\/www.ets-robinet.fr\/index.php?rest_route=\/wp\/v2\/pages\/111\/revisions\/112"}],"wp:attachment":[{"href":"https:\/\/www.ets-robinet.fr\/index.php?rest_route=%2Fwp%2Fv2%2Fmedia&parent=111"}],"curies":[{"name":"wp","href":"https:\/\/api.w.org\/{rel}","templated":true}]}}